{"id":5,"date":"2024-03-29T14:44:53","date_gmt":"2024-03-29T13:44:53","guid":{"rendered":"https:\/\/hure-consult.fr\/?page_id=5"},"modified":"2024-09-06T17:55:57","modified_gmt":"2024-09-06T15:55:57","slug":"accueil","status":"publish","type":"page","link":"https:\/\/hure-consult.fr\/","title":{"rendered":"Accueil"},"content":{"rendered":"\t\t<div data-elementor-type=\"wp-page\" data-elementor-id=\"5\" class=\"elementor elementor-5\">\n\t\t\t\t<div class=\"elementor-element elementor-element-65830cb e-con-full e-flex e-con e-parent\" data-id=\"65830cb\" data-element_type=\"container\">\n\t\t\t\t<div class=\"elementor-element elementor-element-cdcf80c elementor-widget elementor-widget-image\" data-id=\"cdcf80c\" data-element_type=\"widget\" data-widget_type=\"image.default\">\n\t\t\t\t<div class=\"elementor-widget-container\">\n\t\t\t\t\t\t\t\t\t\t\t\t\t\t\t<img fetchpriority=\"high\" decoding=\"async\" width=\"2560\" height=\"477\" src=\"https:\/\/hure-consult.fr\/wp-content\/uploads\/2024\/04\/IMG_20230810_102441-scaled-e1720619153165.jpg\" class=\"attachment-full size-full wp-image-126\" alt=\"\" srcset=\"https:\/\/hure-consult.fr\/wp-content\/uploads\/2024\/04\/IMG_20230810_102441-scaled-e1720619153165.jpg 2560w, https:\/\/hure-consult.fr\/wp-content\/uploads\/2024\/04\/IMG_20230810_102441-scaled-e1720619153165-300x56.jpg 300w, https:\/\/hure-consult.fr\/wp-content\/uploads\/2024\/04\/IMG_20230810_102441-scaled-e1720619153165-1024x191.jpg 1024w, https:\/\/hure-consult.fr\/wp-content\/uploads\/2024\/04\/IMG_20230810_102441-scaled-e1720619153165-768x143.jpg 768w, https:\/\/hure-consult.fr\/wp-content\/uploads\/2024\/04\/IMG_20230810_102441-scaled-e1720619153165-1536x286.jpg 1536w, https:\/\/hure-consult.fr\/wp-content\/uploads\/2024\/04\/IMG_20230810_102441-scaled-e1720619153165-2048x382.jpg 2048w\" sizes=\"(max-width: 2560px) 100vw, 2560px\" \/>\t\t\t\t\t\t\t\t\t\t\t\t\t\t\t<\/div>\n\t\t\t\t<\/div>\n\t\t\t\t<\/div>\n\t\t<div class=\"elementor-element elementor-element-77d70bd e-con-full e-flex e-con e-parent\" data-id=\"77d70bd\" data-element_type=\"container\">\n\t\t\t\t<div class=\"elementor-element elementor-element-03dd424 elementor-widget__width-inherit elementor-widget elementor-widget-heading\" data-id=\"03dd424\" data-element_type=\"widget\" data-widget_type=\"heading.default\">\n\t\t\t\t<div class=\"elementor-widget-container\">\n\t\t\t\t\t<h2 class=\"elementor-heading-title elementor-size-default\">Une expertise ind\u00e9pendante adapt\u00e9 \u00e0 votre profil et vos objectifs !<\/h2>\t\t\t\t<\/div>\n\t\t\t\t<\/div>\n\t\t\t\t<\/div>\n\t\t<div class=\"elementor-element elementor-element-e826225 e-con-full e-flex e-con e-parent\" data-id=\"e826225\" data-element_type=\"container\">\n\t\t\t\t<div class=\"elementor-element elementor-element-ea81e48 elementor-widget elementor-widget-text-editor\" data-id=\"ea81e48\" data-element_type=\"widget\" data-widget_type=\"text-editor.default\">\n\t\t\t\t<div class=\"elementor-widget-container\">\n\t\t\t\t\t\t\t\t\t<p>HURE CONSULT propose une gamme de services \u00e0 destination des agriculteurs, des collectivit\u00e9s et des distributeurs et\/ou metteurs sur le march\u00e9 de mat\u00e9riels et produits agricoles.&nbsp;<\/p>\n<p>Que ce soit pour ces activit\u00e9s de conseils, d&rsquo;accompagnements ou d&rsquo;exp\u00e9rimentations le but de notre soci\u00e9t\u00e9 est de vous proposer des suivis longue dur\u00e9e adapt\u00e9s \u00e0 vos probl\u00e9matiques et dans le respect des r\u00e8glementations et du cadre g\u00e9n\u00e9ral de l&rsquo;agro\u00e9cologie.&nbsp;<\/p>\n<p>Le partage et la communication faisant partie int\u00e9grante des valeurs de notre soci\u00e9t\u00e9<span style=\"font-size: 18px;\">, nous nous tenons \u00e0 votre disposition pour \u00e9changer de nos services par t\u00e9l\u00e9phone, e-mail ou via notre formulaire de contact en cliquant <a href=\"https:\/\/hure-consult.fr\/?page_id=165\"><strong>ici<\/strong><\/a>. C&rsquo;est \u00e9galement dans ce cadre ci que vous pourrez retrouver sur notre site Web diff\u00e9rentes publications techniques, r\u00e8glementaires ou d&rsquo;actualit\u00e9s en suivant <a href=\"https:\/\/hure-consult.fr\/?page_id=168\"><strong>ce lien<\/strong><\/a>, ainsi qu&rsquo;une phototh\u00e8que libre de consultation et d&rsquo;utilisation pour l&rsquo;illustration de vos documents ou tout autre support en cliquant <a href=\"https:\/\/hure-consult.fr\/?page_id=314\"><strong>ici<\/strong><\/a>.<\/span><\/p>\t\t\t\t\t\t\t\t<\/div>\n\t\t\t\t<\/div>\n\t\t\t\t<\/div>\n\t\t<div class=\"elementor-element elementor-element-cb603aa e-con-full e-flex e-con e-parent\" data-id=\"cb603aa\" data-element_type=\"container\">\n\t\t\t\t<div class=\"elementor-element elementor-element-013b136 elementor-widget-divider--view-line_icon elementor-widget__width-inherit elementor-view-default elementor-widget-divider--element-align-center elementor-widget elementor-widget-divider\" data-id=\"013b136\" data-element_type=\"widget\" data-widget_type=\"divider.default\">\n\t\t\t\t<div class=\"elementor-widget-container\">\n\t\t\t\t\t\t\t<div class=\"elementor-divider\">\n\t\t\t<span class=\"elementor-divider-separator\">\n\t\t\t\t\t\t\t<div class=\"elementor-icon elementor-divider__element\">\n\t\t\t\t\t<svg aria-hidden=\"true\" class=\"e-font-icon-svg e-far-list-alt\" viewBox=\"0 0 512 512\" xmlns=\"http:\/\/www.w3.org\/2000\/svg\"><path d=\"M464 32H48C21.49 32 0 53.49 0 80v352c0 26.51 21.49 48 48 48h416c26.51 0 48-21.49 48-48V80c0-26.51-21.49-48-48-48zm-6 400H54a6 6 0 0 1-6-6V86a6 6 0 0 1 6-6h404a6 6 0 0 1 6 6v340a6 6 0 0 1-6 6zm-42-92v24c0 6.627-5.373 12-12 12H204c-6.627 0-12-5.373-12-12v-24c0-6.627 5.373-12 12-12h200c6.627 0 12 5.373 12 12zm0-96v24c0 6.627-5.373 12-12 12H204c-6.627 0-12-5.373-12-12v-24c0-6.627 5.373-12 12-12h200c6.627 0 12 5.373 12 12zm0-96v24c0 6.627-5.373 12-12 12H204c-6.627 0-12-5.373-12-12v-24c0-6.627 5.373-12 12-12h200c6.627 0 12 5.373 12 12zm-252 12c0 19.882-16.118 36-36 36s-36-16.118-36-36 16.118-36 36-36 36 16.118 36 36zm0 96c0 19.882-16.118 36-36 36s-36-16.118-36-36 16.118-36 36-36 36 16.118 36 36zm0 96c0 19.882-16.118 36-36 36s-36-16.118-36-36 16.118-36 36-36 36 16.118 36 36z\"><\/path><\/svg><\/div>\n\t\t\t\t\t\t<\/span>\n\t\t<\/div>\n\t\t\t\t\t\t<\/div>\n\t\t\t\t<\/div>\n\t\t\t\t<\/div>\n\t\t<div class=\"elementor-element elementor-element-25b3c83 e-con-full e-flex e-con e-parent\" data-id=\"25b3c83\" data-element_type=\"container\">\n\t\t\t\t<div class=\"elementor-element elementor-element-47db79c elementor-widget elementor-widget-heading\" data-id=\"47db79c\" data-element_type=\"widget\" data-widget_type=\"heading.default\">\n\t\t\t\t<div class=\"elementor-widget-container\">\n\t\t\t\t\t<h2 class=\"elementor-heading-title elementor-size-default\">Nos services<\/h2>\t\t\t\t<\/div>\n\t\t\t\t<\/div>\n\t\t\t\t<\/div>\n\t\t<div class=\"elementor-element elementor-element-ebb211c e-con-full e-flex e-con e-parent\" data-id=\"ebb211c\" data-element_type=\"container\">\n\t\t<div class=\"elementor-element elementor-element-9c98edf e-con-full e-flex e-con e-child\" data-id=\"9c98edf\" data-element_type=\"container\">\n\t\t\t\t<div class=\"elementor-element elementor-element-87dd78e elementor-widget elementor-widget-text-editor\" data-id=\"87dd78e\" data-element_type=\"widget\" data-widget_type=\"text-editor.default\">\n\t\t\t\t<div class=\"elementor-widget-container\">\n\t\t\t\t\t\t\t\t\t<p><b>ACCOMPAGNEMENTS<\/b><\/p><ul><li>Plan Pr\u00e9visionnel de Fumure (PPF)<\/li><\/ul><ul><li>Pr\u00e9visionnel de traitement en morte-saison<\/li><\/ul><ul><li>Analyses de terre &amp; conseils de fertilisation<\/li><\/ul><ul><li>D\u00e9clarations PAC<\/li><\/ul><ul><li>Suivi de parcelles dans le cadre du Bulletin de Sant\u00e9 du V\u00e9g\u00e9tal<\/li><\/ul><ul><li>Saisie de la tra\u00e7abilit\u00e9<\/li><\/ul><ul><li>Calcul d&rsquo;Indicateur de Fr\u00e9quence de Traitement<\/li><\/ul><ul><li>Mise en place de couverts v\u00e9g\u00e9taux<\/li><\/ul><ul><li>Et d&rsquo;autres&#8230;<\/li><\/ul>\t\t\t\t\t\t\t\t<\/div>\n\t\t\t\t<\/div>\n\t\t\t\t<\/div>\n\t\t<div class=\"elementor-element elementor-element-a267cfa e-con-full e-flex e-con e-child\" data-id=\"a267cfa\" data-element_type=\"container\">\n\t\t\t\t<div class=\"elementor-element elementor-element-133fc75 elementor-widget elementor-widget-text-editor\" data-id=\"133fc75\" data-element_type=\"widget\" data-widget_type=\"text-editor.default\">\n\t\t\t\t<div class=\"elementor-widget-container\">\n\t\t\t\t\t\t\t\t\t<p><strong>CONSEILS STRATEGIQUES ET SPECIFIQUES A L&rsquo;UTILISATION DE PRODUITS PHYTOPHARMACEUTIQUES (agr\u00e9ment n\u00b01600072)<\/strong><\/p>\n<ul>\n<li>Conseil strat\u00e9gique : diagnostic de l&rsquo;exploitation et \u00e9tablissement d&rsquo;un plan d&rsquo;\u00e9volution de l&rsquo;exploitation \u00e0 court, moyen et long terme. <strong><em>Initiative actuellement en pause<\/em><\/strong><\/li>\n<\/ul>\n<ul>\n<li>&nbsp;Conseil sp\u00e9cifique : en saison, notre conseiller vous fournit des pr\u00e9conisations d&rsquo;intervention \u00e0 la suite d&rsquo;observations terrain (au minimum 3\/campagne). Hors ces observations, il \u00e9changera r\u00e9guli\u00e8rement avec vous pour suivre la mise en place de votre strat\u00e9gie de protection, de fertilisation et de travail du sol.<\/li>\n<\/ul>\t\t\t\t\t\t\t\t<\/div>\n\t\t\t\t<\/div>\n\t\t\t\t<\/div>\n\t\t<div class=\"elementor-element elementor-element-2db0682 e-con-full e-flex e-con e-child\" data-id=\"2db0682\" data-element_type=\"container\">\n\t\t\t\t<div class=\"elementor-element elementor-element-e748bd9 elementor-widget elementor-widget-text-editor\" data-id=\"e748bd9\" data-element_type=\"widget\" data-widget_type=\"text-editor.default\">\n\t\t\t\t<div class=\"elementor-widget-container\">\n\t\t\t\t\t\t\t\t\t<p><b>EXPERIMENTATIONS ET DEVELOPPEMENT DE SOLUTIONS<\/b><\/p>\n<ul>\n<li>Pour les viticulteurs : avant de g\u00e9n\u00e9raliser une pratique ou l&rsquo;utilisation d&rsquo;un produit de protection ou de fertilisation \u00e0 l&rsquo;ensemble de votre parcellaire, nous mesurerons et \u00e9valuerons l&rsquo;impact de cette technique sur 1 ou plusieurs ann\u00e9es sur 1 parcelle ou quelques rangs. En fonction de la pratique nous utiliserons des outils adapt\u00e9s (N-tester etc.) et suivrons l&rsquo;\u00e9tat de sant\u00e9 de la vigne du d\u00e9bourrement \u00e0 la r\u00e9colte.&nbsp;<\/li><\/ul><ul>\n<li>Pour les distributeurs et metteurs sur le march\u00e9 : nous vous proposons l&rsquo;\u00e9valuation d&rsquo;un ou plusieurs produits de protection ou fertilisation sur une parcelle repr\u00e9sentative du contexte Cognac, en dispositif rangs entiers ou placettes randomis\u00e9es. En \u00e9change continu avec le demandeur, nous g\u00e9rons en interne les applications, les notations et l&rsquo;\u00e9laboration du rapport d&rsquo;exp\u00e9rimentation. <em>Faire une demande par mail pour que nous vous transmettions la pr\u00e9sentation exhaustive de cette prestation.&nbsp;<\/em> &nbsp;<\/li>\n<\/ul>\t\t\t\t\t\t\t\t<\/div>\n\t\t\t\t<\/div>\n\t\t\t\t<\/div>\n\t\t<div class=\"elementor-element elementor-element-2d8d2b4 e-con-full e-flex e-con e-child\" data-id=\"2d8d2b4\" data-element_type=\"container\">\n\t\t\t\t<div class=\"elementor-element elementor-element-ecd4fc3 elementor-widget elementor-widget-text-editor\" data-id=\"ecd4fc3\" data-element_type=\"widget\" data-widget_type=\"text-editor.default\">\n\t\t\t\t<div class=\"elementor-widget-container\">\n\t\t\t\t\t\t\t\t\t<p><strong>CERTIFICATIONS ENVIRONNEMENTALES<\/strong><\/p><ul><li>Haute Valeur Environnementale (HVE) : accompagnement \u00e0 l&rsquo;obtention de la certification HVE incluant le diagnostic initial et le suivi annuel au cours du cycle de certification de 3 ans. <em>Certification d&rsquo;exploitation<\/em><\/li><\/ul><ul><li>Certification Environnementale Cognac (CEC) : accompagnement \u00e0 l&rsquo;obtention de la CEC incluant le diagnostic initial et le suivi annuel au cours du cycle de certification de 3 ans. <em>Certification de l&rsquo;atelier viticole en zone Cognac<\/em><\/li><\/ul>\t\t\t\t\t\t\t\t<\/div>\n\t\t\t\t<\/div>\n\t\t\t\t<\/div>\n\t\t<div class=\"elementor-element elementor-element-f715e5e e-con-full e-flex e-con e-child\" data-id=\"f715e5e\" data-element_type=\"container\">\n\t\t\t\t<div class=\"elementor-element elementor-element-c380825 elementor-widget elementor-widget-text-editor\" data-id=\"c380825\" data-element_type=\"widget\" data-widget_type=\"text-editor.default\">\n\t\t\t\t<div class=\"elementor-widget-container\">\n\t\t\t\t\t\t\t\t\t<p><em><strong>Pour plus de renseignements sur nos modalit\u00e9s de fonctionnement et nos tarifs, rendez-vous sur notre formulaire de contact<\/strong><\/em><\/p>\t\t\t\t\t\t\t\t<\/div>\n\t\t\t\t<\/div>\n\t\t\t\t<\/div>\n\t\t<div class=\"elementor-element elementor-element-df06840 e-con-full e-flex e-con e-child\" data-id=\"df06840\" data-element_type=\"container\">\n\t\t\t\t<div class=\"elementor-element elementor-element-958a215 elementor-widget elementor-widget-text-editor\" data-id=\"958a215\" data-element_type=\"widget\" data-widget_type=\"text-editor.default\">\n\t\t\t\t<div class=\"elementor-widget-container\">\n\t\t\t\t\t\t\t\t\t<p><strong>INTERVENTIONS<\/strong><\/p>\n<ul>\n<li>&nbsp;Lors de formations ou de journ\u00e9es techniques pour un public de viticulteurs<\/li>\n<\/ul>\n<ul>\n<li>Pour traiter d&rsquo;un sujet technique aupr\u00e8s d&rsquo;\u00e9tudiants<\/li>\n<\/ul>\n<ul>\n<li>Pour sensibiliser les riverains aux pratiques agricoles<\/li>\n<\/ul>\t\t\t\t\t\t\t\t<\/div>\n\t\t\t\t<\/div>\n\t\t\t\t<\/div>\n\t\t\t\t<\/div>\n\t\t<div class=\"elementor-element elementor-element-9eaf972 e-con-full e-flex e-con e-parent\" data-id=\"9eaf972\" data-element_type=\"container\">\n\t\t\t\t<div class=\"elementor-element elementor-element-3804b03 elementor-widget-divider--view-line_icon elementor-view-default elementor-widget-divider--element-align-center elementor-widget elementor-widget-divider\" data-id=\"3804b03\" data-element_type=\"widget\" data-widget_type=\"divider.default\">\n\t\t\t\t<div class=\"elementor-widget-container\">\n\t\t\t\t\t\t\t<div class=\"elementor-divider\">\n\t\t\t<span class=\"elementor-divider-separator\">\n\t\t\t\t\t\t\t<div class=\"elementor-icon elementor-divider__element\">\n\t\t\t\t\t<svg aria-hidden=\"true\" class=\"e-font-icon-svg e-fas-map-signs\" viewBox=\"0 0 512 512\" xmlns=\"http:\/\/www.w3.org\/2000\/svg\"><path d=\"M507.31 84.69L464 41.37c-6-6-14.14-9.37-22.63-9.37H288V16c0-8.84-7.16-16-16-16h-32c-8.84 0-16 7.16-16 16v16H56c-13.25 0-24 10.75-24 24v80c0 13.25 10.75 24 24 24h385.37c8.49 0 16.62-3.37 22.63-9.37l43.31-43.31c6.25-6.26 6.25-16.38 0-22.63zM224 496c0 8.84 7.16 16 16 16h32c8.84 0 16-7.16 16-16V384h-64v112zm232-272H288v-32h-64v32H70.63c-8.49 0-16.62 3.37-22.63 9.37L4.69 276.69c-6.25 6.25-6.25 16.38 0 22.63L48 342.63c6 6 14.14 9.37 22.63 9.37H456c13.25 0 24-10.75 24-24v-80c0-13.25-10.75-24-24-24z\"><\/path><\/svg><\/div>\n\t\t\t\t\t\t<\/span>\n\t\t<\/div>\n\t\t\t\t\t\t<\/div>\n\t\t\t\t<\/div>\n\t\t\t\t<\/div>\n\t\t<div class=\"elementor-element elementor-element-b483b42 e-con-full e-flex e-con e-parent\" data-id=\"b483b42\" data-element_type=\"container\">\n\t\t\t\t<div class=\"elementor-element elementor-element-7e37c33 elementor-widget elementor-widget-heading\" data-id=\"7e37c33\" data-element_type=\"widget\" data-widget_type=\"heading.default\">\n\t\t\t\t<div class=\"elementor-widget-container\">\n\t\t\t\t\t<h2 class=\"elementor-heading-title elementor-size-default\">Nos secteurs et domaines d'intervention<\/h2>\t\t\t\t<\/div>\n\t\t\t\t<\/div>\n\t\t\t\t<\/div>\n\t\t<div class=\"elementor-element elementor-element-0520ec2 e-con-full e-flex e-con e-parent\" data-id=\"0520ec2\" data-element_type=\"container\">\n\t\t\t\t<div class=\"elementor-element elementor-element-9c16e53 elementor-widget elementor-widget-text-editor\" data-id=\"9c16e53\" data-element_type=\"widget\" data-widget_type=\"text-editor.default\">\n\t\t\t\t<div class=\"elementor-widget-container\">\n\t\t\t\t\t\t\t\t\t<p><span style=\"font-size: 18px; color: var( --e-global-color-primary );\">Pour les exploitations viticoles des d\u00e9partements Charente et Charente-Maritime : accompagnements, certifications environnementales, conseils strat\u00e9giques et sp\u00e9cifiques et exp\u00e9rimentations.<\/span><\/p><p><span style=\"font-size: 18px; color: var( --e-global-color-primary );\">Pour les exploitations viticoles du d\u00e9partement Gironde : accompagnements, certification environnementale HVE, conseils strat\u00e9giques et sp\u00e9cifiques.<\/span><\/p><p><span style=\"font-size: 18px; color: var( --e-global-color-primary );\">Pour toutes les exploitations agricoles des d\u00e9partements Charente, Charente-Maritime et Gironde : accompagnement HVE. <em>Actions group\u00e9es possibles en fonction des demandes sur les d\u00e9partements Dordogne, Deux-S\u00e8vres et Vienne.<\/em>\u00a0<\/span><\/p><p><span style=\"font-size: 18px; color: var( --e-global-color-primary );\">Pour les distributeurs et metteurs sur le march\u00e9 de solutions (produits ou mat\u00e9riels) viticoles : exp\u00e9rimentations et d\u00e9veloppement de solutions.<\/span><\/p><p><span style=\"font-size: 18px; color: var( --e-global-color-primary );\">Pour les organismes priv\u00e9s et publics, collectivit\u00e9s ou \u00e9tablissements d&rsquo;enseignement en r\u00e9gion Nouvelle-Aquitaine : interventions.<\/span><\/p>\t\t\t\t\t\t\t\t<\/div>\n\t\t\t\t<\/div>\n\t\t\t\t<\/div>\n\t\t\t\t<\/div>\n\t\t","protected":false},"excerpt":{"rendered":"<p>Une expertise ind\u00e9pendante adapt\u00e9 \u00e0 votre profil et vos objectifs ! HURE CONSULT propose une gamme de services \u00e0 destination des agriculteurs, des collectivit\u00e9s et des distributeurs et\/ou metteurs sur le march\u00e9 de mat\u00e9riels et produits agricoles.&nbsp; Que ce soit pour ces activit\u00e9s de conseils, d&rsquo;accompagnements ou d&rsquo;exp\u00e9rimentations le but de notre soci\u00e9t\u00e9 est de [&hellip;]<\/p>\n","protected":false},"author":1,"featured_media":0,"parent":0,"menu_order":0,"comment_status":"closed","ping_status":"closed","template":"elementor_header_footer","meta":{"footnotes":""},"_links":{"self":[{"href":"https:\/\/hure-consult.fr\/index.php?rest_route=\/wp\/v2\/pages\/5"}],"collection":[{"href":"https:\/\/hure-consult.fr\/index.php?rest_route=\/wp\/v2\/pages"}],"about":[{"href":"https:\/\/hure-consult.fr\/index.php?rest_route=\/wp\/v2\/types\/page"}],"author":[{"embeddable":true,"href":"https:\/\/hure-consult.fr\/index.php?rest_route=\/wp\/v2\/users\/1"}],"replies":[{"embeddable":true,"href":"https:\/\/hure-consult.fr\/index.php?rest_route=%2Fwp%2Fv2%2Fcomments&post=5"}],"version-history":[{"count":307,"href":"https:\/\/hure-consult.fr\/index.php?rest_route=\/wp\/v2\/pages\/5\/revisions"}],"predecessor-version":[{"id":595,"href":"https:\/\/hure-consult.fr\/index.php?rest_route=\/wp\/v2\/pages\/5\/revisions\/595"}],"wp:attachment":[{"href":"https:\/\/hure-consult.fr\/index.php?rest_route=%2Fwp%2Fv2%2Fmedia&parent=5"}],"curies":[{"name":"wp","href":"https:\/\/api.w.org\/{rel}","templated":true}]}}